{"id":553,"date":"2020-04-15T17:19:53","date_gmt":"2020-04-15T15:19:53","guid":{"rendered":"https:\/\/shop.linden.si\/?post_type=product&#038;p=553"},"modified":"2025-04-02T06:55:15","modified_gmt":"2025-04-02T04:55:15","slug":"alley-tabure-65","status":"publish","type":"product","link":"https:\/\/shop.linden.si\/en\/product\/alley-tabure-65\/","title":{"rendered":"Alley tabure 65"},"content":{"rendered":"<p>Premer zgoraj: 65 cm<br \/>\nVi\u0161ina tabureja: 45cm<\/p>\n<p>Oblazinjen tabure ima zgoraj vgrajeno ve\u010dslojno kakovostno gumirano peno za dolgoro\u010dno udobnost. Pri strani je prav tako oblazinjeno za prijeten videz. Spodaj ima pritrjene plasti\u010dne drsnike za preprosto premikanje po prostoru.<\/p>\n<p>Tkanina Woolland je vrhunska tkanina, ki je ognjevarna in vodoodbojna. Izdelki iz tkanine Woolland dolgo ohranijo prefinjen videz, saj se volna ne guba, meh\u010da ali kr\u010di. Vzdr\u017eevanje tkanine je preprosto in uporabnost odli\u010dna. Tkanina je primerna tudi za obmo\u010dja z visoko frekvenco ljudi.<\/p>\n<p>Izdelki Alley so oblikovani in izdelani v Sloveniji. Oblikovanje (Grupo H). Krovna znamka in proizvajalec linije Linden (Alley) je podjetje \u017dakelj d.o.o.<\/p>\n<p><strong>ALLEY je prejemnik znaka odli\u010dnosti MADE IN SLOVENIA (SELECTION OF DESIGN EXCELLENCE). Oblikovanje GRUPO H. Linija Alley je znak brez\u010dasnega oblikovanja, trajnostne izdelave in uporabniku prijaznega pohi\u0161tva.<\/strong><\/p>","protected":false},"excerpt":{"rendered":"<p>\u010cas izdelave: 20-30 dni<\/p>","protected":false},"featured_media":570,"template":"","meta":[],"_links":{"self":[{"href":"https:\/\/shop.linden.si\/en\/wp-json\/wp\/v2\/product\/553"}],"collection":[{"href":"https:\/\/shop.linden.si\/en\/wp-json\/wp\/v2\/product"}],"about":[{"href":"https:\/\/shop.linden.si\/en\/wp-json\/wp\/v2\/types\/product"}],"wp:featuredmedia":[{"embeddable":true,"href":"https:\/\/shop.linden.si\/en\/wp-json\/wp\/v2\/media\/570"}],"wp:attachment":[{"href":"https:\/\/shop.linden.si\/en\/wp-json\/wp\/v2\/media?parent=553"}],"curies":[{"name":"wp","href":"https:\/\/api.w.org\/{rel}","templated":true}]}}